{"id":44,"date":"2023-05-28T14:49:26","date_gmt":"2023-05-28T12:49:26","guid":{"rendered":"https:\/\/musikwirtschaftsforschung.de\/relaunch\/?page_id=44"},"modified":"2023-05-28T16:52:28","modified_gmt":"2023-05-28T14:52:28","slug":"early-career-foerderung","status":"publish","type":"page","link":"https:\/\/musikwirtschaftsforschung.de\/relaunch\/early-career-foerderung\/","title":{"rendered":"Early Career F\u00f6rderung"},"content":{"rendered":"\n<h4 class=\"wp-block-heading\"><strong>Gesellschaft f\u00fcr Musikwirtschafts- und Musikkulturforschung Summer Institute<\/strong><\/h4>\n\n\n\n<p>Das GMM SI versammelt seit 2015 Interessierte, um Fragen zu Musikkultur- und Musikwirtschaftsforschung mit unterschiedlichen Schwerpunkten zu diskutieren. 2021 soll es vor allem um konzeptionelle und methodische Fragen gehen, die sich um die eigene Positionierung im Forschungsvorhaben drehen. Es bietet insbesondere j\u00fcngeren Forscherinnen M\u00f6glichkeiten der Kooperation und individuelle Hilfestellungen bei ihrer Arbeit. GMM SI-Formate erlauben Interaktionen mit etablierten Forscherinnen und Musikwirtschaftsakteur*innen und den Aufbau von Kontakten in der Regel sowohl zu Wissenschaft als auch der Musikpraxis.<br><br>Die aktuelle Ausschreibung zum 8. GMM SI vom 23.\u201329.09.2023 zum Thema <strong>Musiko\u0308kosystemforschung zur Integration von Musikkultur- und Musikwirtschaftsforschung<\/strong> ist hier <strong>(LINK) <\/strong>einzusehen.<\/p>\n\n\n\n<p>Themen der vergangenen GMM SI waren:<br>7. <strong>Transdisziplinarit\u00e4t und Disziplin im eigenen Forschungsprojekt<\/strong> (2022)<br>6. <strong>Selbstreflexivit\u00e4t und Positionierung im eigenen Forschungsprojekt<\/strong> (2021)<br><strong>Selbstreflexivit\u00e4t und Positionierung im eigenen Forschungsprojekt<\/strong> (geplant f\u00fcr 2020, verschoben auf 2021)<br>5. <strong>Musikwirtschafts- und Musikkulturforschung<\/strong> (2019)<br>4. <strong>??<\/strong> (2018)<br>3. <strong>Transdisziplin\u00e4re Herausforderungen von Musikwirtschafts- und Musikkulturforschung<\/strong> (2017)<br>2. <strong>Medien, Kultur und \u00f6konomische Potenziale von Musicpreneuren<\/strong> (2016)<br>1. <strong>Media, Culture and Economic Developments<\/strong> <strong>for Creative Music Cities<\/strong> (2015)<\/p>\n\n\n\n<div style=\"height:100px\" aria-hidden=\"true\" class=\"wp-block-spacer\"><\/div>\n\n\n\n<h4 class=\"wp-block-heading\"><strong>Best Paper Award<\/strong><\/h4>\n\n\n\n<p>Der Nachwuchsf\u00f6rderpreis der GMM pr\u00e4miert Forschungsprojekte, die sich mit musikwirtschaftlichen oder musikkulturellen Themen auseinandersetzen. Der BPA richtet sich an junge Wissenschaftler*innen, die erst vor kurzem ihre Bachelor- oder Masterarbeiten zu einem Thema der Musikwirtschafts- und Musikkulturforschung abgeschlossen haben. Die Studierenden reichen dabei ihre Arbeit ein. Eine Reihe von etablierten Forscher*innen pr\u00fcft die Arbeit. Die wissenschaftliche Qualit\u00e4t entscheidet dabei, wer beim Finale in Berlin dabei sein kann.<br><br><strong>Ausgezeichnete Arbeiten <\/strong><br>2019\/2020 Kategorie <strong>Masterarbeit<\/strong>: <strong>Anastasia Tserea<\/strong> (HMTMH Hannover) \u201cArtist-Self-Development: Eine qualitative Untersuchung neuer Karriere- bzw. Wertsch\u00f6pfungsm\u00f6glichkeiten und erforderlicher Kompetenzen von Pop-Musikschaffenden in der digital transformierten Musikwirtschaft\u201d. <br>2019\/2020 Kategorie <strong>Beste Projektarbeit: L\u00e9on Ledermann &amp; Projektgruppe <\/strong>&#8222;Perspektiven des Musikveranstaltungsmanagements in der Corona-Krise-Entwicklungspotentiale der Publikumsgewinnung\u201c<br>2019\/2020 Sonderpreis <strong>Pr\u00e4sentation<\/strong>: <strong>Valentin Kellein<\/strong> (Universit\u00e4t der K\u00fcnste Berlin) &#8222;Entschleunigung und Kontemplation durch Klang. Zur Ver\u00e4nderung der Zeitwahrnehmung durch Raum und Klang\u201c<br><br>2018 Kategorie <strong>Masterarbeit<\/strong>: <strong>Max Alt<\/strong> (Humbold Universit\u00e4t zu Berlin) &#8222;Neurechte Pop-Sounds? \u00dcber die Auswirkungen des Rechtsrucks auf die deutschsprachige Popmusik am Beispiel von Frei.Wild&#8220;<br>2018 Kategorie <strong>Bachelorarbeit<\/strong>: <strong>Charlotte Rudolph<\/strong> (Hochschule Macromedia) &#8222;Ein offenes Ohr f\u00fcr Musik trotz H\u00f6rsch\u00e4digung \u2013 Musikrezeption von H\u00f6rgesch\u00e4digten und ihre Bedeutung f\u00fcr die Musikwirtschaft&#8220;<br>2018 Sonderpreis <strong>Policy Making<\/strong>: <strong>Susann Grossmann<\/strong> (Hochschule Merseburg) &#8222;Eine quantitative schriftliche Befragung der Arbeits-und Lebensbedingungen von Musikern der unabh\u00e4ngigen Popmusikszene Sachsens vor dem Hintergrund einer kritischen Reflexion des Popmusikkonzeptes in Wissenschaft, Politik, Medien und Kreativwirtschaft&#8220;<\/p>\n\n\n\n<p>2017 Kategorie <strong>Masterarbeit<\/strong>: <strong>Markus Schwarzer<\/strong> (Popakademie Mannheim) &#8222;Business Model Innovation in der Tontr\u00e4gerindustrie&#8220;<br>2017 Kategorie <strong>Bachelorarbeit<\/strong>: <strong>Frederik Rosebrock<\/strong> (Hochschule Macromedia Hamburg) &#8222;Social-Media-Marketing von deutschen Popmusikern auf Instagram \u2013 Die Bedeutung des visuellen Faktors&#8220;<br>2017 Kategorie <strong>Beste studentische Forschungsprojekt<\/strong>: <strong>Ina Heinrich, Liv C. Korth, Maryam Momen Pour Tafreshi<\/strong> (Universit\u00e4t Paderborn) &#8222;Musikszeneforschung im peripheren Raum: Network Hopping im Rhein-Erft-Kreis&#8220;<br><br>2016 Kategorie <strong>Bachelorarbeit<\/strong>: <strong>Laura Weinert<\/strong> (Hochschule f\u00fcr Musik, Theater und Medien Hannover): &#8222;Good Pop, bad Pop? Eine experimentelle Studie zum \u00e4sthetischen Kriterium Authentizit\u00e4t in der Popmusik&#8220;<br>2016 Kategorie <strong>Masterarbeit<\/strong>: <strong>Marco R\u00e4uchle<\/strong> (Popakademie Baden-W\u00fcrttemberg): &#8222;Ich wei\u00df was nicht, was Du nicht wei\u00dft! Informationsbedarf, Informationsangebot und Informationsvalidierung zwischen Musikschaffenden und der Verwertungsgesellschaft GEMA&#8220;<br>2016 Sonderpreis <strong>Pr\u00e4sentation<\/strong>: <strong>Luise Wolf<\/strong> (Humboldt-Universit\u00e4t zu Berlin): &#8222;Drone. Spielarten \u00e4sthetischer Erfahrung in der Gegenwart sonischer Materialit\u00e4t&#8220;<br>2016 Sonderpreis <strong>Anwendbarkeit<\/strong>: <strong>Aaron R\u00f6ver<\/strong> (Universit\u00e4t Siegen): &#8222;Die Blockchain in der Musikindustrie&#8220;<\/p>\n\n\n\n<div style=\"height:100px\" aria-hidden=\"true\" class=\"wp-block-spacer\"><\/div>\n\n\n\n<h4 class=\"wp-block-heading\"><strong>Workshops<\/strong><\/h4>\n\n\n\n<p>25.\u201326.03.2022 Workshop zu Verwertungsgesellschaften in der Medienindustrie (Programm) (CfP)<br>02.05.2019 Sharing Strategies 2019 \u2013 Porto, Mannheim, K\u00f6ln, Hannover, Hamburg &amp; Berlin (Protokoll)<br>04.04.2019 Sharing Strartegies 2019 im Rahmen des Allez Hop! in Mannheim<br>30.06.2016 GMM-Workshop zu (neuen) Chancen und Herausforderungen f\u00fcr Musiknetzwerke<br><\/p>\n","protected":false},"excerpt":{"rendered":"<p>Gesellschaft f\u00fcr Musikwirtschafts- und Musikkulturforschung Summer Institute Das GMM SI versammelt seit 2015 Interessierte, um Fragen zu Musikkultur- und Musikwirtschaftsforschung mit unterschiedlichen Schwerpunkten zu diskutieren. 2021 soll es vor allem um konzeptionelle und methodische Fragen gehen, die sich um die eigene Positionierung im Forschungsvorhaben drehen. Es bietet insbesondere j\u00fcngeren Forscherinnen M\u00f6glichkeiten der Kooperation und individuelle [&hellip;]<\/p>\n","protected":false},"author":3,"featured_media":0,"parent":0,"menu_order":4,"comment_status":"closed","ping_status":"closed","template":"","meta":{"footnotes":""},"class_list":["post-44","page","type-page","status-publish","hentry"],"yoast_head":"<!-- This site is optimized with the Yoast SEO plugin v21.4 - https:\/\/yoast.com\/wordpress\/plugins\/seo\/ -->\n<title>Early Career F\u00f6rderung - GMM<\/title>\n<meta name=\"robots\" content=\"index, follow, max-snippet:-1, max-image-preview:large, max-video-preview:-1\" \/>\n<link rel=\"canonical\" href=\"https:\/\/musikwirtschaftsforschung.de\/relaunch\/early-career-foerderung\/\" \/>\n<meta property=\"og:locale\" content=\"de_DE\" \/>\n<meta property=\"og:type\" content=\"article\" \/>\n<meta property=\"og:title\" content=\"Early Career F\u00f6rderung - GMM\" \/>\n<meta property=\"og:description\" content=\"Gesellschaft f\u00fcr Musikwirtschafts- und Musikkulturforschung Summer Institute Das GMM SI versammelt seit 2015 Interessierte, um Fragen zu Musikkultur- und Musikwirtschaftsforschung mit unterschiedlichen Schwerpunkten zu diskutieren. 2021 soll es vor allem um konzeptionelle und methodische Fragen gehen, die sich um die eigene Positionierung im Forschungsvorhaben drehen. Es bietet insbesondere j\u00fcngeren Forscherinnen M\u00f6glichkeiten der Kooperation und individuelle [&hellip;]\" \/>\n<meta property=\"og:url\" content=\"https:\/\/musikwirtschaftsforschung.de\/relaunch\/early-career-foerderung\/\" \/>\n<meta property=\"og:site_name\" content=\"GMM\" \/>\n<meta property=\"article:modified_time\" content=\"2023-05-28T14:52:28+00:00\" \/>\n<meta name=\"twitter:card\" content=\"summary_large_image\" \/>\n<meta name=\"twitter:label1\" content=\"Gesch\u00e4tzte Lesezeit\" \/>\n\t<meta name=\"twitter:data1\" content=\"3\u00a0Minuten\" \/>\n<script type=\"application\/ld+json\" class=\"yoast-schema-graph\">{\"@context\":\"https:\/\/schema.org\",\"@graph\":[{\"@type\":\"WebPage\",\"@id\":\"https:\/\/musikwirtschaftsforschung.de\/relaunch\/early-career-foerderung\/\",\"url\":\"https:\/\/musikwirtschaftsforschung.de\/relaunch\/early-career-foerderung\/\",\"name\":\"Early Career F\u00f6rderung - GMM\",\"isPartOf\":{\"@id\":\"https:\/\/musikwirtschaftsforschung.de\/relaunch\/#website\"},\"datePublished\":\"2023-05-28T12:49:26+00:00\",\"dateModified\":\"2023-05-28T14:52:28+00:00\",\"breadcrumb\":{\"@id\":\"https:\/\/musikwirtschaftsforschung.de\/relaunch\/early-career-foerderung\/#breadcrumb\"},\"inLanguage\":\"de\",\"potentialAction\":[{\"@type\":\"ReadAction\",\"target\":[\"https:\/\/musikwirtschaftsforschung.de\/relaunch\/early-career-foerderung\/\"]}]},{\"@type\":\"BreadcrumbList\",\"@id\":\"https:\/\/musikwirtschaftsforschung.de\/relaunch\/early-career-foerderung\/#breadcrumb\",\"itemListElement\":[{\"@type\":\"ListItem\",\"position\":1,\"name\":\"Startseite\",\"item\":\"https:\/\/musikwirtschaftsforschung.de\/relaunch\/\"},{\"@type\":\"ListItem\",\"position\":2,\"name\":\"Early Career F\u00f6rderung\"}]},{\"@type\":\"WebSite\",\"@id\":\"https:\/\/musikwirtschaftsforschung.de\/relaunch\/#website\",\"url\":\"https:\/\/musikwirtschaftsforschung.de\/relaunch\/\",\"name\":\"GMM\",\"description\":\"Gesellschaft f\u00fcr Musikwirtschafts- und Musikkulturforschung e.V.\",\"publisher\":{\"@id\":\"https:\/\/musikwirtschaftsforschung.de\/relaunch\/#organization\"},\"potentialAction\":[{\"@type\":\"SearchAction\",\"target\":{\"@type\":\"EntryPoint\",\"urlTemplate\":\"https:\/\/musikwirtschaftsforschung.de\/relaunch\/?s={search_term_string}\"},\"query-input\":\"required name=search_term_string\"}],\"inLanguage\":\"de\"},{\"@type\":\"Organization\",\"@id\":\"https:\/\/musikwirtschaftsforschung.de\/relaunch\/#organization\",\"name\":\"GMM\",\"url\":\"https:\/\/musikwirtschaftsforschung.de\/relaunch\/\",\"logo\":{\"@type\":\"ImageObject\",\"inLanguage\":\"de\",\"@id\":\"https:\/\/musikwirtschaftsforschung.de\/relaunch\/#\/schema\/logo\/image\/\",\"url\":\"https:\/\/musikwirtschaftsforschung.de\/relaunch\/wp-content\/uploads\/2023\/05\/GMM_eV_L-scaled.jpg\",\"contentUrl\":\"https:\/\/musikwirtschaftsforschung.de\/relaunch\/wp-content\/uploads\/2023\/05\/GMM_eV_L-scaled.jpg\",\"width\":2560,\"height\":1071,\"caption\":\"GMM\"},\"image\":{\"@id\":\"https:\/\/musikwirtschaftsforschung.de\/relaunch\/#\/schema\/logo\/image\/\"}}]}<\/script>\n<!-- \/ Yoast SEO plugin. -->","yoast_head_json":{"title":"Early Career F\u00f6rderung - GMM","robots":{"index":"index","follow":"follow","max-snippet":"max-snippet:-1","max-image-preview":"max-image-preview:large","max-video-preview":"max-video-preview:-1"},"canonical":"https:\/\/musikwirtschaftsforschung.de\/relaunch\/early-career-foerderung\/","og_locale":"de_DE","og_type":"article","og_title":"Early Career F\u00f6rderung - GMM","og_description":"Gesellschaft f\u00fcr Musikwirtschafts- und Musikkulturforschung Summer Institute Das GMM SI versammelt seit 2015 Interessierte, um Fragen zu Musikkultur- und Musikwirtschaftsforschung mit unterschiedlichen Schwerpunkten zu diskutieren. 2021 soll es vor allem um konzeptionelle und methodische Fragen gehen, die sich um die eigene Positionierung im Forschungsvorhaben drehen. Es bietet insbesondere j\u00fcngeren Forscherinnen M\u00f6glichkeiten der Kooperation und individuelle [&hellip;]","og_url":"https:\/\/musikwirtschaftsforschung.de\/relaunch\/early-career-foerderung\/","og_site_name":"GMM","article_modified_time":"2023-05-28T14:52:28+00:00","twitter_card":"summary_large_image","twitter_misc":{"Gesch\u00e4tzte Lesezeit":"3\u00a0Minuten"},"schema":{"@context":"https:\/\/schema.org","@graph":[{"@type":"WebPage","@id":"https:\/\/musikwirtschaftsforschung.de\/relaunch\/early-career-foerderung\/","url":"https:\/\/musikwirtschaftsforschung.de\/relaunch\/early-career-foerderung\/","name":"Early Career F\u00f6rderung - GMM","isPartOf":{"@id":"https:\/\/musikwirtschaftsforschung.de\/relaunch\/#website"},"datePublished":"2023-05-28T12:49:26+00:00","dateModified":"2023-05-28T14:52:28+00:00","breadcrumb":{"@id":"https:\/\/musikwirtschaftsforschung.de\/relaunch\/early-career-foerderung\/#breadcrumb"},"inLanguage":"de","potentialAction":[{"@type":"ReadAction","target":["https:\/\/musikwirtschaftsforschung.de\/relaunch\/early-career-foerderung\/"]}]},{"@type":"BreadcrumbList","@id":"https:\/\/musikwirtschaftsforschung.de\/relaunch\/early-career-foerderung\/#breadcrumb","itemListElement":[{"@type":"ListItem","position":1,"name":"Startseite","item":"https:\/\/musikwirtschaftsforschung.de\/relaunch\/"},{"@type":"ListItem","position":2,"name":"Early Career F\u00f6rderung"}]},{"@type":"WebSite","@id":"https:\/\/musikwirtschaftsforschung.de\/relaunch\/#website","url":"https:\/\/musikwirtschaftsforschung.de\/relaunch\/","name":"GMM","description":"Gesellschaft f\u00fcr Musikwirtschafts- und Musikkulturforschung e.V.","publisher":{"@id":"https:\/\/musikwirtschaftsforschung.de\/relaunch\/#organization"},"potentialAction":[{"@type":"SearchAction","target":{"@type":"EntryPoint","urlTemplate":"https:\/\/musikwirtschaftsforschung.de\/relaunch\/?s={search_term_string}"},"query-input":"required name=search_term_string"}],"inLanguage":"de"},{"@type":"Organization","@id":"https:\/\/musikwirtschaftsforschung.de\/relaunch\/#organization","name":"GMM","url":"https:\/\/musikwirtschaftsforschung.de\/relaunch\/","logo":{"@type":"ImageObject","inLanguage":"de","@id":"https:\/\/musikwirtschaftsforschung.de\/relaunch\/#\/schema\/logo\/image\/","url":"https:\/\/musikwirtschaftsforschung.de\/relaunch\/wp-content\/uploads\/2023\/05\/GMM_eV_L-scaled.jpg","contentUrl":"https:\/\/musikwirtschaftsforschung.de\/relaunch\/wp-content\/uploads\/2023\/05\/GMM_eV_L-scaled.jpg","width":2560,"height":1071,"caption":"GMM"},"image":{"@id":"https:\/\/musikwirtschaftsforschung.de\/relaunch\/#\/schema\/logo\/image\/"}}]}},"_links":{"self":[{"href":"https:\/\/musikwirtschaftsforschung.de\/relaunch\/wp-json\/wp\/v2\/pages\/44","targetHints":{"allow":["GET"]}}],"collection":[{"href":"https:\/\/musikwirtschaftsforschung.de\/relaunch\/wp-json\/wp\/v2\/pages"}],"about":[{"href":"https:\/\/musikwirtschaftsforschung.de\/relaunch\/wp-json\/wp\/v2\/types\/page"}],"author":[{"embeddable":true,"href":"https:\/\/musikwirtschaftsforschung.de\/relaunch\/wp-json\/wp\/v2\/users\/3"}],"replies":[{"embeddable":true,"href":"https:\/\/musikwirtschaftsforschung.de\/relaunch\/wp-json\/wp\/v2\/comments?post=44"}],"version-history":[{"count":6,"href":"https:\/\/musikwirtschaftsforschung.de\/relaunch\/wp-json\/wp\/v2\/pages\/44\/revisions"}],"predecessor-version":[{"id":78,"href":"https:\/\/musikwirtschaftsforschung.de\/relaunch\/wp-json\/wp\/v2\/pages\/44\/revisions\/78"}],"wp:attachment":[{"href":"https:\/\/musikwirtschaftsforschung.de\/relaunch\/wp-json\/wp\/v2\/media?parent=44"}],"curies":[{"name":"wp","href":"https:\/\/api.w.org\/{rel}","templated":true}]}}