{"id":40,"date":"2023-05-26T16:28:52","date_gmt":"2023-05-26T14:28:52","guid":{"rendered":"https:\/\/musikwirtschaftsforschung.de\/relaunch\/?page_id=40"},"modified":"2023-05-28T16:50:26","modified_gmt":"2023-05-28T14:50:26","slug":"neuigkeiten","status":"publish","type":"page","link":"https:\/\/musikwirtschaftsforschung.de\/relaunch\/neuigkeiten\/","title":{"rendered":"Neuigkeiten"},"content":{"rendered":"\n<h4 class=\"wp-block-heading\"><strong>Call for Papers: Musik &amp; Politik (Deadline 31.05.2023)<\/strong><\/h4>\n\n\n\n<p>Das Verh\u00e4ltnis von\u00a0Musik und Politik\u00a0r\u00fcckt aus insbesondere zwei Gr\u00fcnden immer wieder ins\u00a0Zentrum eines wissenschaftlichen Interesses an\u00a0Musikkultur und an Musikwirtschaft: Erstens,\u00a0weil in Musikkontexten\u00a0\u201edie\u00a0Zukunft\u201c\u00a0fr\u00fcher oder sogar zuerst aufscheint. Zweitens, weil hier\u00a0nicht nur Entw\u00fcrfe einer besseren Zukunft verhandelt werden, sondern weil damit auch Transformationsanforderungen einhergehen, die sich in\u00a0Krisen, Struktur\u00fcberforderungen,\u00a0sozialer und wirtschaftlicher Ungleichheit zeigen. So entstehen grundlegende Fragen danach,\u00a0wie\u00a0wir\u00a0gerechter und nachhaltig leben und arbeiten k\u00f6nnen. (&#8230;)<\/p>\n\n\n\n<p>Beispiele&nbsp;f\u00fcr m\u00f6gliche Themen von Beitr\u00e4gen<\/p>\n\n\n\n<p>\u2013\u201eMusik\u201c als Gegenstand und Thema&nbsp;in&nbsp;lokaler, regionaler und nationaler Politik<br>\u2013Die \u201ePolitik\u201c&nbsp;relevanter Verb\u00e4nde&nbsp;(im Kontext&nbsp;der Covid-19 Pandemie oder allgemein)<br>\u2013Politische Aktivit\u00e4ten\/Ziele von&nbsp;neuen Musikakteur*innen&nbsp;wie neuen Netzwerken<br>\u2013Politische Anliegen&nbsp;Geschlechtergerechtigkeit,&nbsp;Anti-Rassismus,&nbsp;Awareness,&nbsp;Barrierearmut&nbsp;und neuen&nbsp;Agency-Festivals&nbsp;mit und zu&nbsp;politischen Themen oder in den&nbsp;Konjunkturen von Musikst\u00e4dten<br>\u2013Studien oder Beitr\u00e4ge zu&nbsp;politischen Herausforderungen&nbsp;im Kontext von Digitalisierung,&nbsp;Krisen oder Covid-19<br>\u2013Musikp\u00e4dagogische Perspektiven&nbsp;in Hinblick auf z. B. Curricula, Didaktiken, Aus- und&nbsp;Weiterbildungsm\u00f6glichkeiten, Zugangsh\u00fcrden,&nbsp;Ressourcenverteilung<\/p>\n\n\n\n<p>Erbeten sind&nbsp;Textskizzen&nbsp;(max. 1500 Worte, Word-Datei)&nbsp;bis zum 31.03.2023 an&nbsp;<a class=\"\" href=\"mailto:jahrbuch@musikwirtschaftsforschung.de\">jahrbuch@musikwirtschaftsforschung.de<\/a>.&nbsp;<\/p>\n\n\n\n<p>\u00dcber die&nbsp;Annahme&nbsp;wird&nbsp;bis zum&nbsp;30.04.2023&nbsp;entschieden.&nbsp;<br>Die&nbsp;Abgabe der Beitr\u00e4ge&nbsp;wird&nbsp;bis zum 31.07.2023&nbsp;erwartet.&nbsp;<br>Der Band soll im 1.&nbsp;Quartal 2024 publiziert werden.&nbsp;<br>Hinweise zur Manuskriptgestaltung erhalten&nbsp;Beitr\u00e4ger*innen in einer sp\u00e4teren separaten Mail.<\/p>\n\n\n\n<p><strong>Link zur vollst\u00e4ndigen Ausschreibung<\/strong><\/p>\n\n\n\n<div style=\"height:100px\" aria-hidden=\"true\" class=\"wp-block-spacer\"><\/div>\n\n\n\n<h4 class=\"wp-block-heading\"><strong>Call for Participation &amp; Papers 8. GMMSI (Deadline 31. Mai 2023)<\/strong><\/h4>\n\n\n\n<p>Das GMM SI versammelt seit 2015 Interessierte, um Fragen zu Musikkultur- und\u00a0Musikwirtschaftsforschung mit unterschiedlichen Schwerpunkten im kollegialen Rahmen und mit gro\u00dfem\u00a0Respekt vor Unterschieden zu diskutieren. 2023 geht es um methodische Fragen um mit Blick auf\u00a0gegenw\u00e4rtige Herausforderungen, Musik analytisch weniger getrennt nach Perspektiven aus\u00a0Kultur\u00a0und\/oder Wirtschaft,\u00a0sondern vielmehr\u00a0holistischer als Musik-\u00d6kosystem\u00a0zu konzeptualisieren und\u00a0zu erforschen. Das GMMSI bietet insbesondere j\u00fcngeren Forscher*innen Kollaborationsm\u00f6glichkeiten\u00a0und individuelle.\u00a0<\/p>\n\n\n\n<p>Das GMM SI f\u00f6rdert die Interaktionen mit etablierten Forscher*innen, Musikwirtschaftsakteur*innen und&nbsp;den Aufbau von Kontakten zu Wissenschaft sowie zur Musikpraxis. Es sind explizit auch&nbsp;Formate f\u00fcr die&nbsp;dritte Qualifikationsphase&nbsp;(Bewerbung,&nbsp;Projekte,&nbsp;Habilitation) sowie ein Musikwirtschaftspanel mit&nbsp;Branchenakteur*innen&nbsp;m\u00f6glich&nbsp;<\/p>\n\n\n\n<p>(\u2026)<\/p>\n\n\n\n<p>Die Bewerbung zum GMM SI erfolgt mit&nbsp;Abstract (400\u2013500 W\u00f6rter)&nbsp;und&nbsp;Kurz- Lebenslauf&nbsp;bis zum&nbsp;31.&nbsp;Mai 2023&nbsp;per Mail an Christian Rhein und Svenja Reiner (mail@christianrhein.de;&nbsp;hello@svenjareiner.de).&nbsp;Die Abstracts sollten Auskunft geben \u00fcber die&nbsp;Forschungsfrage, den&nbsp;Stand der&nbsp;Arbeit&nbsp;und das&nbsp;Format, in dem vor Ort gearbeitet werden soll \u2013 denkbar sind neben Vortr\u00e4ge auch Textwerkst\u00e4tt, Fishbowl, World Caf\u00e9, u.a.&nbsp;<\/p>\n\n\n\n<p>\u00dcber die Teilnahme wird umgehend entschieden, damit g\u00fcnstig Porto-Fl\u00fcge (z.B. fliegen Ryanair und&nbsp;Eurowings Porto aus mehreren deutschen St\u00e4dten an) gebucht werden k\u00f6nnen. F\u00fcr die&nbsp;Teilnahme&nbsp;erheben wir einen Beitrag zur Unkostenerstattung von 100\u20ac; f\u00fcr&nbsp;GMM-Mitglieder&nbsp;reduziert auf&nbsp;50\u20ac.<\/p>\n\n\n\n<p><strong>Link zur vollst\u00e4ndigen Ausschreibung<\/strong><br><\/p>\n","protected":false},"excerpt":{"rendered":"<p>Call for Papers: Musik &amp; Politik (Deadline 31.05.2023) Das Verh\u00e4ltnis von\u00a0Musik und Politik\u00a0r\u00fcckt aus insbesondere zwei Gr\u00fcnden immer wieder ins\u00a0Zentrum eines wissenschaftlichen Interesses an\u00a0Musikkultur und an Musikwirtschaft: Erstens,\u00a0weil in Musikkontexten\u00a0\u201edie\u00a0Zukunft\u201c\u00a0fr\u00fcher oder sogar zuerst aufscheint. Zweitens, weil hier\u00a0nicht nur Entw\u00fcrfe einer besseren Zukunft verhandelt werden, sondern weil damit auch Transformationsanforderungen einhergehen, die sich in\u00a0Krisen, Struktur\u00fcberforderungen,\u00a0sozialer und [&hellip;]<\/p>\n","protected":false},"author":3,"featured_media":0,"parent":0,"menu_order":2,"comment_status":"closed","ping_status":"closed","template":"","meta":{"footnotes":""},"class_list":["post-40","page","type-page","status-publish","hentry"],"yoast_head":"<!-- This site is optimized with the Yoast SEO plugin v21.4 - https:\/\/yoast.com\/wordpress\/plugins\/seo\/ -->\n<title>Neuigkeiten - GMM<\/title>\n<meta name=\"robots\" content=\"index, follow, max-snippet:-1, max-image-preview:large, max-video-preview:-1\" \/>\n<link rel=\"canonical\" href=\"https:\/\/musikwirtschaftsforschung.de\/relaunch\/neuigkeiten\/\" \/>\n<meta property=\"og:locale\" content=\"de_DE\" \/>\n<meta property=\"og:type\" content=\"article\" \/>\n<meta property=\"og:title\" content=\"Neuigkeiten - GMM\" \/>\n<meta property=\"og:description\" content=\"Call for Papers: Musik &amp; Politik (Deadline 31.05.2023) Das Verh\u00e4ltnis von\u00a0Musik und Politik\u00a0r\u00fcckt aus insbesondere zwei Gr\u00fcnden immer wieder ins\u00a0Zentrum eines wissenschaftlichen Interesses an\u00a0Musikkultur und an Musikwirtschaft: Erstens,\u00a0weil in Musikkontexten\u00a0\u201edie\u00a0Zukunft\u201c\u00a0fr\u00fcher oder sogar zuerst aufscheint. Zweitens, weil hier\u00a0nicht nur Entw\u00fcrfe einer besseren Zukunft verhandelt werden, sondern weil damit auch Transformationsanforderungen einhergehen, die sich in\u00a0Krisen, Struktur\u00fcberforderungen,\u00a0sozialer und [&hellip;]\" \/>\n<meta property=\"og:url\" content=\"https:\/\/musikwirtschaftsforschung.de\/relaunch\/neuigkeiten\/\" \/>\n<meta property=\"og:site_name\" content=\"GMM\" \/>\n<meta property=\"article:modified_time\" content=\"2023-05-28T14:50:26+00:00\" \/>\n<meta name=\"twitter:card\" content=\"summary_large_image\" \/>\n<meta name=\"twitter:label1\" content=\"Gesch\u00e4tzte Lesezeit\" \/>\n\t<meta name=\"twitter:data1\" content=\"3\u00a0Minuten\" \/>\n<script type=\"application\/ld+json\" class=\"yoast-schema-graph\">{\"@context\":\"https:\/\/schema.org\",\"@graph\":[{\"@type\":\"WebPage\",\"@id\":\"https:\/\/musikwirtschaftsforschung.de\/relaunch\/neuigkeiten\/\",\"url\":\"https:\/\/musikwirtschaftsforschung.de\/relaunch\/neuigkeiten\/\",\"name\":\"Neuigkeiten - GMM\",\"isPartOf\":{\"@id\":\"https:\/\/musikwirtschaftsforschung.de\/relaunch\/#website\"},\"datePublished\":\"2023-05-26T14:28:52+00:00\",\"dateModified\":\"2023-05-28T14:50:26+00:00\",\"breadcrumb\":{\"@id\":\"https:\/\/musikwirtschaftsforschung.de\/relaunch\/neuigkeiten\/#breadcrumb\"},\"inLanguage\":\"de\",\"potentialAction\":[{\"@type\":\"ReadAction\",\"target\":[\"https:\/\/musikwirtschaftsforschung.de\/relaunch\/neuigkeiten\/\"]}]},{\"@type\":\"BreadcrumbList\",\"@id\":\"https:\/\/musikwirtschaftsforschung.de\/relaunch\/neuigkeiten\/#breadcrumb\",\"itemListElement\":[{\"@type\":\"ListItem\",\"position\":1,\"name\":\"Startseite\",\"item\":\"https:\/\/musikwirtschaftsforschung.de\/relaunch\/\"},{\"@type\":\"ListItem\",\"position\":2,\"name\":\"Neuigkeiten\"}]},{\"@type\":\"WebSite\",\"@id\":\"https:\/\/musikwirtschaftsforschung.de\/relaunch\/#website\",\"url\":\"https:\/\/musikwirtschaftsforschung.de\/relaunch\/\",\"name\":\"GMM\",\"description\":\"Gesellschaft f\u00fcr Musikwirtschafts- und Musikkulturforschung e.V.\",\"publisher\":{\"@id\":\"https:\/\/musikwirtschaftsforschung.de\/relaunch\/#organization\"},\"potentialAction\":[{\"@type\":\"SearchAction\",\"target\":{\"@type\":\"EntryPoint\",\"urlTemplate\":\"https:\/\/musikwirtschaftsforschung.de\/relaunch\/?s={search_term_string}\"},\"query-input\":\"required name=search_term_string\"}],\"inLanguage\":\"de\"},{\"@type\":\"Organization\",\"@id\":\"https:\/\/musikwirtschaftsforschung.de\/relaunch\/#organization\",\"name\":\"GMM\",\"url\":\"https:\/\/musikwirtschaftsforschung.de\/relaunch\/\",\"logo\":{\"@type\":\"ImageObject\",\"inLanguage\":\"de\",\"@id\":\"https:\/\/musikwirtschaftsforschung.de\/relaunch\/#\/schema\/logo\/image\/\",\"url\":\"https:\/\/musikwirtschaftsforschung.de\/relaunch\/wp-content\/uploads\/2023\/05\/GMM_eV_L-scaled.jpg\",\"contentUrl\":\"https:\/\/musikwirtschaftsforschung.de\/relaunch\/wp-content\/uploads\/2023\/05\/GMM_eV_L-scaled.jpg\",\"width\":2560,\"height\":1071,\"caption\":\"GMM\"},\"image\":{\"@id\":\"https:\/\/musikwirtschaftsforschung.de\/relaunch\/#\/schema\/logo\/image\/\"}}]}<\/script>\n<!-- \/ Yoast SEO plugin. -->","yoast_head_json":{"title":"Neuigkeiten - GMM","robots":{"index":"index","follow":"follow","max-snippet":"max-snippet:-1","max-image-preview":"max-image-preview:large","max-video-preview":"max-video-preview:-1"},"canonical":"https:\/\/musikwirtschaftsforschung.de\/relaunch\/neuigkeiten\/","og_locale":"de_DE","og_type":"article","og_title":"Neuigkeiten - GMM","og_description":"Call for Papers: Musik &amp; Politik (Deadline 31.05.2023) Das Verh\u00e4ltnis von\u00a0Musik und Politik\u00a0r\u00fcckt aus insbesondere zwei Gr\u00fcnden immer wieder ins\u00a0Zentrum eines wissenschaftlichen Interesses an\u00a0Musikkultur und an Musikwirtschaft: Erstens,\u00a0weil in Musikkontexten\u00a0\u201edie\u00a0Zukunft\u201c\u00a0fr\u00fcher oder sogar zuerst aufscheint. Zweitens, weil hier\u00a0nicht nur Entw\u00fcrfe einer besseren Zukunft verhandelt werden, sondern weil damit auch Transformationsanforderungen einhergehen, die sich in\u00a0Krisen, Struktur\u00fcberforderungen,\u00a0sozialer und [&hellip;]","og_url":"https:\/\/musikwirtschaftsforschung.de\/relaunch\/neuigkeiten\/","og_site_name":"GMM","article_modified_time":"2023-05-28T14:50:26+00:00","twitter_card":"summary_large_image","twitter_misc":{"Gesch\u00e4tzte Lesezeit":"3\u00a0Minuten"},"schema":{"@context":"https:\/\/schema.org","@graph":[{"@type":"WebPage","@id":"https:\/\/musikwirtschaftsforschung.de\/relaunch\/neuigkeiten\/","url":"https:\/\/musikwirtschaftsforschung.de\/relaunch\/neuigkeiten\/","name":"Neuigkeiten - GMM","isPartOf":{"@id":"https:\/\/musikwirtschaftsforschung.de\/relaunch\/#website"},"datePublished":"2023-05-26T14:28:52+00:00","dateModified":"2023-05-28T14:50:26+00:00","breadcrumb":{"@id":"https:\/\/musikwirtschaftsforschung.de\/relaunch\/neuigkeiten\/#breadcrumb"},"inLanguage":"de","potentialAction":[{"@type":"ReadAction","target":["https:\/\/musikwirtschaftsforschung.de\/relaunch\/neuigkeiten\/"]}]},{"@type":"BreadcrumbList","@id":"https:\/\/musikwirtschaftsforschung.de\/relaunch\/neuigkeiten\/#breadcrumb","itemListElement":[{"@type":"ListItem","position":1,"name":"Startseite","item":"https:\/\/musikwirtschaftsforschung.de\/relaunch\/"},{"@type":"ListItem","position":2,"name":"Neuigkeiten"}]},{"@type":"WebSite","@id":"https:\/\/musikwirtschaftsforschung.de\/relaunch\/#website","url":"https:\/\/musikwirtschaftsforschung.de\/relaunch\/","name":"GMM","description":"Gesellschaft f\u00fcr Musikwirtschafts- und Musikkulturforschung e.V.","publisher":{"@id":"https:\/\/musikwirtschaftsforschung.de\/relaunch\/#organization"},"potentialAction":[{"@type":"SearchAction","target":{"@type":"EntryPoint","urlTemplate":"https:\/\/musikwirtschaftsforschung.de\/relaunch\/?s={search_term_string}"},"query-input":"required name=search_term_string"}],"inLanguage":"de"},{"@type":"Organization","@id":"https:\/\/musikwirtschaftsforschung.de\/relaunch\/#organization","name":"GMM","url":"https:\/\/musikwirtschaftsforschung.de\/relaunch\/","logo":{"@type":"ImageObject","inLanguage":"de","@id":"https:\/\/musikwirtschaftsforschung.de\/relaunch\/#\/schema\/logo\/image\/","url":"https:\/\/musikwirtschaftsforschung.de\/relaunch\/wp-content\/uploads\/2023\/05\/GMM_eV_L-scaled.jpg","contentUrl":"https:\/\/musikwirtschaftsforschung.de\/relaunch\/wp-content\/uploads\/2023\/05\/GMM_eV_L-scaled.jpg","width":2560,"height":1071,"caption":"GMM"},"image":{"@id":"https:\/\/musikwirtschaftsforschung.de\/relaunch\/#\/schema\/logo\/image\/"}}]}},"_links":{"self":[{"href":"https:\/\/musikwirtschaftsforschung.de\/relaunch\/wp-json\/wp\/v2\/pages\/40","targetHints":{"allow":["GET"]}}],"collection":[{"href":"https:\/\/musikwirtschaftsforschung.de\/relaunch\/wp-json\/wp\/v2\/pages"}],"about":[{"href":"https:\/\/musikwirtschaftsforschung.de\/relaunch\/wp-json\/wp\/v2\/types\/page"}],"author":[{"embeddable":true,"href":"https:\/\/musikwirtschaftsforschung.de\/relaunch\/wp-json\/wp\/v2\/users\/3"}],"replies":[{"embeddable":true,"href":"https:\/\/musikwirtschaftsforschung.de\/relaunch\/wp-json\/wp\/v2\/comments?post=40"}],"version-history":[{"count":6,"href":"https:\/\/musikwirtschaftsforschung.de\/relaunch\/wp-json\/wp\/v2\/pages\/40\/revisions"}],"predecessor-version":[{"id":76,"href":"https:\/\/musikwirtschaftsforschung.de\/relaunch\/wp-json\/wp\/v2\/pages\/40\/revisions\/76"}],"wp:attachment":[{"href":"https:\/\/musikwirtschaftsforschung.de\/relaunch\/wp-json\/wp\/v2\/media?parent=40"}],"curies":[{"name":"wp","href":"https:\/\/api.w.org\/{rel}","templated":true}]}}