{"id":74,"date":"2015-03-16T14:09:47","date_gmt":"2015-03-16T14:09:47","guid":{"rendered":"http:\/\/musikwirtschaftsforschung.de\/wordpress\/?page_id=74"},"modified":"2019-07-09T10:32:21","modified_gmt":"2019-07-09T10:32:21","slug":"willkommen-bei-der-gmm","status":"publish","type":"page","link":"https:\/\/musikwirtschaftsforschung.de\/","title":{"rendered":"Willkommen bei der GMM"},"content":{"rendered":"<p>Die Gesellschaft f\u00fcr Musikwirtschafts- und Musikkulturforschung untersucht aktuelle und historische Ph\u00e4nomene im Bereich der Musikwirtschaft und der Musikkultur und leistet hier insbesondere einen interdisziplin\u00e4ren Beitrag zur Forschung. Die GMM ist eine Plattform zum Austausch und zur Vernetzung von Wissenschaft und Praxis sowie von Nachwuchs und erfahrenen Experten. Menschen aus Wissenschaft und Forschung sind bei der GMM genauso vertreten wie Praktiker. Ein besonderer Schwerpunkt liegt auf der F\u00f6rderung des wissenschaftlichen Nachwuchses. Die GMM interessiert sich dabei sowohl f\u00fcr Innovationen wie f\u00fcr fundierte Kritik im Bereich aktueller musikwirtschaftlicher und musikkultureller Praktiken und Diskurse. Sie legt Ihren Fokus auf kritische Einordnung von innovativen Entwicklungen und Positionen. Die GMM hat zum Ziel, eine der zentralen Gesellschaften an der Schnittstelle von Musikwirtschaft, Musikkultur und Forschung zu werden.<\/p>\n<p>Zu unseren Aktivit\u00e4ten z\u00e4hlen unter anderem:<\/p>\n<ul>\n<li><em><strong>Matchmaking:<\/strong><\/em> Vermittlung von Expertise aus allen Bereichen von Musikwirtschaft und Musikkultur.<\/li>\n<li><strong><em>Netzwerk:<\/em><\/strong> Vernetzung, Diskussion und Kooperation zwischen Wissenschaft, Kunst, Kritik und Praxis, z.B. durch unsere Kooperationen mit der <a href=\"https:\/\/18.re-publica.com\/de\/topics\/music-sovereignity\">re:publica<\/a> oder dem <a href=\"https:\/\/www.ctm-festival.de\/festival-2019\/transfer\/research-networking-day\/\">ctm festival<\/a>.<\/li>\n<li><em><strong>Kooperatione<\/strong><strong>n<\/strong>:<\/em> Wissenschaftliche Begleitung von Projekten, Prozessen und Teams wie z.B. einer Projektreihe zur besseren Zusammenarbeit von <a href=\"http:\/\/musikwirtschaftsforschung.de\/?p=606\">Musikwirtschaft und &#8211; Forschung<\/a> oder in unserem unserem <a href=\"http:\/\/musikwirtschaftsforschung.de\/?page_id=592\">Fachausschuss zu Musik-Netzwerken.<\/a><\/li>\n<li><em><strong>Wissenstransfer:<\/strong><\/em> Austausch zwischen Mitgliedern sowie nationalen und internationalen Netzwerken und Verb\u00e4nden, zwischen Praxis, Forschung und Ausbildung, z.B. in der <a href=\"http:\/\/www.imbra.eu\/\">International Music Business Research Association<\/a> oder in unserem <a href=\"http:\/\/musikwirtschaftsforschung.de\/?page_id=443\">Fachausschuss zu Urheberrecht.<\/a><\/li>\n<li><em><strong>Ansprechpartner:<\/strong> <\/em>Anlaufstelle f\u00fcr alle Fragen in und an die Musikwirtschafts- und Musikkulturforschung zum Beispiel f\u00fcr <a href=\"https:\/\/www.berlin-music-commission.de\/news-detail.html?newsid=675\">Branchenakteure.<\/a><\/li>\n<li><em><strong>F\u00f6rderung:<\/strong> <\/em>Nachwuchsf\u00f6rderung, F\u00f6rderung der Disziplin, z.B. durch <a href=\"http:\/\/musikwirtschaftsforschung.de\/?p=218\">Workshops<\/a> und <a href=\"http:\/\/musikwirtschaftsforschung.de\/?p=536\">Preise<\/a>.<\/li>\n<li><em><strong>Veranstaltungen:<\/strong><\/em> Organisation von Panels, Workshops, Roundtables, Vortr\u00e4gen, z.B. <a href=\"http:\/\/musikwirtschaftsforschung.de\/?p=365\">zur Stellung von Frauen in der Musikwirtschaft.<\/a><\/li>\n<li><em><strong>Publikationen:<\/strong><\/em> Herausgabe von Themenb\u00e4nden, Jahrb\u00fcchern und Studien, z.B. das <a href=\"http:\/\/musikwirtschaftsforschung.de\/?p=514\">Jahrbuch f\u00fcr Musikwirtschafts- und Musikkulturforschung zu Big Data &amp; Musik.<\/a><\/li>\n<\/ul>\n<p>Auf unserer Webseite finden Sie <a title=\"\u00dcber die GMM\" href=\"http:\/\/musikwirtschaftsforschung.de\/wordpress\/?page_id=2\">Informationen zur Gesellschaft<\/a>, <a title=\"Neuigkeiten\" href=\"http:\/\/musikwirtschaftsforschung.de\/wordpress\/?page_id=90\">aktuelle Nachrichten<\/a>\u00a0und <a title=\"Termine\" href=\"http:\/\/musikwirtschaftsforschung.de\/wordpress\/?page_id=78\">Termine<\/a>. Zudem k\u00f6nnen Sie der Gesellschaft <a title=\"Mitglied werden\" href=\"http:\/\/musikwirtschaftsforschung.de\/wordpress\/?page_id=21\">hier beitreten<\/a>.<\/p>\n","protected":false},"excerpt":{"rendered":"<p>Die Gesellschaft f\u00fcr Musikwirtschafts- und Musikkulturforschung untersucht aktuelle und historische Ph\u00e4nomene im Bereich der Musikwirtschaft und der Musikkultur und leistet hier insbesondere einen interdisziplin\u00e4ren Beitrag zur Forschung. Die GMM ist eine Plattform zum Austausch und zur Vernetzung von Wissenschaft und Praxis sowie von Nachwuchs und erfahrenen Experten. Menschen aus Wissenschaft und Forschung sind bei der [&hellip;]<\/p>\n","protected":false},"author":1,"featured_media":503,"parent":0,"menu_order":0,"comment_status":"closed","ping_status":"open","template":"template-fullwidth.php","meta":{"spay_email":""},"aioseo_notices":[],"_links":{"self":[{"href":"https:\/\/musikwirtschaftsforschung.de\/index.php?rest_route=\/wp\/v2\/pages\/74"}],"collection":[{"href":"https:\/\/musikwirtschaftsforschung.de\/index.php?rest_route=\/wp\/v2\/pages"}],"about":[{"href":"https:\/\/musikwirtschaftsforschung.de\/index.php?rest_route=\/wp\/v2\/types\/page"}],"author":[{"embeddable":true,"href":"https:\/\/musikwirtschaftsforschung.de\/index.php?rest_route=\/wp\/v2\/users\/1"}],"replies":[{"embeddable":true,"href":"https:\/\/musikwirtschaftsforschung.de\/index.php?rest_route=%2Fwp%2Fv2%2Fcomments&post=74"}],"version-history":[{"count":11,"href":"https:\/\/musikwirtschaftsforschung.de\/index.php?rest_route=\/wp\/v2\/pages\/74\/revisions"}],"predecessor-version":[{"id":690,"href":"https:\/\/musikwirtschaftsforschung.de\/index.php?rest_route=\/wp\/v2\/pages\/74\/revisions\/690"}],"wp:featuredmedia":[{"embeddable":true,"href":"https:\/\/musikwirtschaftsforschung.de\/index.php?rest_route=\/wp\/v2\/media\/503"}],"wp:attachment":[{"href":"https:\/\/musikwirtschaftsforschung.de\/index.php?rest_route=%2Fwp%2Fv2%2Fmedia&parent=74"}],"curies":[{"name":"wp","href":"https:\/\/api.w.org\/{rel}","templated":true}]}}