{"id":592,"date":"2019-03-27T14:27:30","date_gmt":"2019-03-27T14:27:30","guid":{"rendered":"http:\/\/musikwirtschaftsforschung.de\/?page_id=592"},"modified":"2020-01-08T10:22:52","modified_gmt":"2020-01-08T10:22:52","slug":"fachausschuss-musik-netzwerke","status":"publish","type":"page","link":"https:\/\/musikwirtschaftsforschung.de\/?page_id=592","title":{"rendered":"Fachausschuss Musik-Netzwerke"},"content":{"rendered":"\n<p><strong>Der GMM Fachausschuss \u201eMusik-Netzwerke\u201c bringt Akteur*innen aus Wissenschaft und Praxis sowie Schnittstellen- und F\u00f6rder-Institutionen aus Kreativwirtschaft, Musik und Stadtentwicklung zusammen. <\/strong>Auf dem Stand der Forschung soll die Entwicklung von Musik-Netzwerken und Musikst\u00e4dten abgestimmt gef\u00f6rdert werden. Erkenntnisse, Erfahrungen und Handlungsempfehlungen sollen nachhaltiger genutzt und netzwerk\u00fcbergreifend f\u00fcr viel mehr Netzwerk-Akteur*innen und die Stakeholder der Netzwerke sichtbarer werden.<\/p>\n\n\n\n<p> Der vor sechs Jahren gegr\u00fcndete Ausschuss <em>Musiknetzwerke<\/em> tr\u00e4gt mit Workshops und Formaten, wie dem seit 2015 stattfindenden <strong><em>GMM Smart Music Cities-<\/em>Panel <\/strong>auf dem Reeperbahn-Festival, zum Austausch unter st\u00e4dtischen Musiknetzwerkakteur*innen bei. Im Zentrum der Arbeit steht \u2013 wie auch bei dem von Olaf \u201aGemse\u2018 Kretschmar mitgegr\u00fcndeten, offenen und \u00fcberregionalen Arbeitskreis <em><strong>Connecting<\/strong><\/em><strong><em>Music Cities &amp; Regions\u00a0\u2013 <\/em><\/strong>das Teilen von Wissen und gemeinsames Lernen.<\/p>\n\n\n\n<p>2019 wird die Arbeit institutionalisierter um Themen und ausgew\u00e4hlte Festivals mit jeweils spezifischen Ankn\u00fcpfungsm\u00f6glichkeiten f\u00fcr die Praxis, ihre Themen und Herausforderungen organisiert (s.u.). Auf diese Weise sollen im Fachausschuss institutionalisierte Mitglieder mit ihren Vorhaben, Themen und Aktivit\u00e4ten auf dem Stand der Forschung f\u00fcr ihre Stakeholder sichtbarer und erreichbarer werden.<\/p>\n\n\n\n<p>Der Fachausschuss steht allen Interessierten offen, die zu Themen aus jeglichen Bereichen der Musik-Netzwerke &nbsp;arbeiten und arbeiten wollen. Eine Mitgliedschaft in der GMM ist dazu zun\u00e4chst nicht n\u00f6tig. Interessierte k\u00f6nnen sich formlos an die Sprecher*innen des Ausschusses wenden.<\/p>\n\n\n\n<hr class=\"wp-block-separator\"\/>\n\n\n\n<h2>Aktivit\u00e4ten 2019<\/h2>\n\n\n\n<p>23. M\u00e4rz 2019 &#8211; Bestandsaufnahme und Planung der Kampagne &#8222;Sharing Strategies&#8220; | GMMSI 2019 | Porto<\/p>\n\n\n\n<p><a href=\"http:\/\/musikwirtschaftsforschung.de\/?p=654&amp;preview=true\">04. April &#8211; 1. Workshop &#8222;Sharing Strategies: Digitalisierung und Innovation&#8220;  | AllezHop! Entrepreneurship Summit| Mannheim<\/a><\/p>\n\n\n\n<p><a href=\"http:\/\/musikwirtschaftsforschung.de\/?p=674\">02. Mai &#8211; 2. Workshop &#8222;Sharing Strategies: Festivalformate&#8220; | c\/o Pop | K\u00f6ln<\/a><\/p>\n\n\n\n<p>12. August &#8211; 3. Workshop &#8222;Sharing Strategies: Strukturen der Popmusikf\u00f6rderung in Musikst\u00e4dten&#8220; | <a href=\"http:\/\/www.ideenboulevard.de\/home\/\">Ideen-Boulevard<\/a> | Hannover<\/p>\n\n\n\n<p>September &#8211; 4. Workshop und Panel &#8222;Sharing Strategies For Smarter Music Cities&#8220;| <a href=\"https:\/\/www.reeperbahnfestival.com\/en\/\">Reeperbahn Festival<\/a> | Hamburg<\/p>\n\n\n\n<p><a href=\"https:\/\/sched.co\/VFks\">November &#8211; 5. Workshop und Panel &#8222;<span class=\"event ev_3\"><a class=\"name\" id=\"9e3eeefcc9ababc0ee6dcfa6d1638725\" href=\"https:\/\/mostwantedmusic2019.sched.com\/event\/VFks#\">Sharing Strategies &#8211; Roundtable der deutschen Musikst\u00e4dte&#8220; | Most Wanted: Music 2019 | Berlin<\/a><\/span><span class=\"event ev_3\"><\/a><a href=\"https:\/\/sched.co\/VFks\"><\/a><\/p>\n\n\n\n<hr class=\"wp-block-separator\"\/>\n\n\n\n<h2>Roadmap der Kampagne <br>&#8222;Sharing Strategies&#8220;<\/h2>\n\n\n\n<figure class=\"wp-block-image\"><img loading=\"lazy\" width=\"1024\" height=\"664\" src=\"http:\/\/musikwirtschaftsforschung.de\/wordpress\/wp-content\/uploads\/2020\/01\/191215_Roadmap-Sharing-Strategies-e1578478928638-1024x664.jpg\" alt=\"\" class=\"wp-image-757\" srcset=\"https:\/\/musikwirtschaftsforschung.de\/wordpress\/wp-content\/uploads\/2020\/01\/191215_Roadmap-Sharing-Strategies-e1578478928638-1024x664.jpg 1024w, https:\/\/musikwirtschaftsforschung.de\/wordpress\/wp-content\/uploads\/2020\/01\/191215_Roadmap-Sharing-Strategies-e1578478928638-300x194.jpg 300w, https:\/\/musikwirtschaftsforschung.de\/wordpress\/wp-content\/uploads\/2020\/01\/191215_Roadmap-Sharing-Strategies-e1578478928638-768x498.jpg 768w, https:\/\/musikwirtschaftsforschung.de\/wordpress\/wp-content\/uploads\/2020\/01\/191215_Roadmap-Sharing-Strategies-e1578478928638.jpg 1993w\" sizes=\"(max-width: 1024px) 100vw, 1024px\" \/><\/figure>\n\n\n\n<hr class=\"wp-block-separator\"\/>\n\n\n\n<h2>Aktuelle Studien und Literaturhinweise zum Thema<\/h2>\n\n\n\n<p>Seufert et al. (2015): <a href=\"http:\/\/www.musikindustrie.de\/musikwirtschaft-in-deutschland\/\">Musikwirtschaft in Deutschland, BVMI<\/a><br><br>Music Canada &amp; IFPI (2015): <a href=\"https:\/\/www.ifpi.org\/mastering-of-a-music-city.php\">The Mastering of a Music City<\/a><br><br>Hermes, K.; Knoflach, L; Winter, C. (2016): <a href=\"https:\/\/projektzukunft.berlin.de\/fileadmin\/user_upload\/BeyondBeforeBright_01062016-2.pdf\">beyond! before! bright! in Berlin. Analyse mit Handlungsempfehlungen zur Gestaltung der digitalen Berliner Musikwirtschaft.<\/a><br><br>Winter, C. &amp; Paulus, A. (2017): <a href=\"https:\/\/www.researchgate.net\/publication\/321735582_Institutionalisiert_coorganisiert_ offen_vernetzte_Unterstutzung_-_Management_im_Kontext_digitaldisruptiver_ Transformation_innovieren_Wie_Verandert_das_Internet_die_Okonomie_der_Medien\">\u00bbInstitutionalisiert co-organisiert offen vernetzte Unterst\u00fctzung\u00ab \u2013 Management im Kontext digital-disruptiver Transformation innovieren: (Wie) Ver\u00e4ndert das Internet die \u00d6konomie der Medien?<\/a><\/p>\n\n\n\n<p>Gr\u00fcnewald-Schukalla, L., L\u00fccke, M., Rauch, M., Winter, C. (Hrsg.). (2019): <a href=\"https:\/\/www.springer.com\/de\/book\/9783658237721\">Musik und Stadt. Jahrbuch der Gesellschaft f\u00fcr Musikwirtschafts- und Musikkulturforschung 2\/2018<\/a><br><br>Sound Diplomacy (2019): <a href=\"https:\/\/www.sounddiplomacy.com\/our-insights\/music-cities-manual\">The Music Cities Manual<\/a><br><\/p>\n\n\n\n<hr class=\"wp-block-separator\"\/>\n\n\n\n<h2>Sprecher*innen des Fachausschusses:<\/h2>\n\n\n\n<p>Olaf &#8218;Gemse&#8216; Kretschmar | <a href=\"https:\/\/www.berlin-music-commission.de\/\">Berlin Music Commission<\/a> | gemse@berlin-music-commission.de<\/p>\n\n\n\n<p>Univ.-Prof. Dr. Carsten Winter | <a href=\"https:\/\/www.ijk.hmtm-hannover.de\/de\/start\/\">Institut f\u00fcr Journalisitk und Kommunikationsforschung Hannover <\/a>| carsten.winter@ijk.hmtm-hannover.de<\/p>\n\n\n\n<h2 id=\"magicdomid2\"><span class=\"author-p-85427\">Mitglieder aktuell:<\/span><\/h2>\n\n\n\n<p>Dr. Matthias Rauch | <a href=\"https:\/\/startup-mannheim.de\/\">Start-up Mannheim<\/a><\/p>\n\n\n\n<p>Christine Preitauer, M.A. | <a href=\"https:\/\/www.kre-h-tiv.net\/\">kreHtiv Netzwerk Hannover<\/a><\/p>\n\n\n\n<p>Moritz Bailly, B.A. | <a href=\"http:\/\/www.hmtm-hannover.de\">Hochschule f\u00fcr Musik, Theater und Medien Hannover<\/a><\/p>\n","protected":false},"excerpt":{"rendered":"<p>Der GMM Fachausschuss \u201eMusik-Netzwerke\u201c bringt Akteur*innen aus Wissenschaft und Praxis sowie Schnittstellen- und F\u00f6rder-Institutionen aus Kreativwirtschaft, Musik und Stadtentwicklung zusammen. Auf dem Stand der Forschung soll die Entwicklung von Musik-Netzwerken und Musikst\u00e4dten abgestimmt gef\u00f6rdert werden. Erkenntnisse, Erfahrungen und Handlungsempfehlungen sollen nachhaltiger genutzt und netzwerk\u00fcbergreifend f\u00fcr viel mehr Netzwerk-Akteur*innen und die Stakeholder der Netzwerke sichtbarer werden. [&hellip;]<\/p>\n","protected":false},"author":6,"featured_media":0,"parent":0,"menu_order":0,"comment_status":"closed","ping_status":"closed","template":"","meta":{"spay_email":""},"aioseo_notices":[],"_links":{"self":[{"href":"https:\/\/musikwirtschaftsforschung.de\/index.php?rest_route=\/wp\/v2\/pages\/592"}],"collection":[{"href":"https:\/\/musikwirtschaftsforschung.de\/index.php?rest_route=\/wp\/v2\/pages"}],"about":[{"href":"https:\/\/musikwirtschaftsforschung.de\/index.php?rest_route=\/wp\/v2\/types\/page"}],"author":[{"embeddable":true,"href":"https:\/\/musikwirtschaftsforschung.de\/index.php?rest_route=\/wp\/v2\/users\/6"}],"replies":[{"embeddable":true,"href":"https:\/\/musikwirtschaftsforschung.de\/index.php?rest_route=%2Fwp%2Fv2%2Fcomments&post=592"}],"version-history":[{"count":18,"href":"https:\/\/musikwirtschaftsforschung.de\/index.php?rest_route=\/wp\/v2\/pages\/592\/revisions"}],"predecessor-version":[{"id":758,"href":"https:\/\/musikwirtschaftsforschung.de\/index.php?rest_route=\/wp\/v2\/pages\/592\/revisions\/758"}],"wp:attachment":[{"href":"https:\/\/musikwirtschaftsforschung.de\/index.php?rest_route=%2Fwp%2Fv2%2Fmedia&parent=592"}],"curies":[{"name":"wp","href":"https:\/\/api.w.org\/{rel}","templated":true}]}}