{"id":443,"date":"2018-03-01T14:05:22","date_gmt":"2018-03-01T14:05:22","guid":{"rendered":"http:\/\/musikwirtschaftsforschung.de\/?page_id=443"},"modified":"2018-08-10T17:48:01","modified_gmt":"2018-08-10T17:48:01","slug":"fachausschuss-urheberrecht","status":"publish","type":"page","link":"https:\/\/musikwirtschaftsforschung.de\/?page_id=443","title":{"rendered":"Fachausschuss Urheberrecht"},"content":{"rendered":"<p id=\"magicdomid2\">Der Fachausschuss Urheberrecht in der GMM wurde 2016 gegr\u00fcndet und hat sich zum Ziel gesetzt, das Thema Urheberrecht in der Musikforschung st\u00e4rker zu positionieren. Obwohl das Urheberrecht ein entscheidendes Regelinstrument am Musikmarkt darstellt, das an vielen Stellen (Musikproduktion, Vertrieb, Lizensierung, Autorschaft, etc.) in die Praxis eingreift, findet es in der Forschung zu Musikkulturen und Musikwirtschaft bisher nur wenig Beachtung. Aus diesem Missverh\u00e4ltnis resultieren zahlreiche Forschungsl\u00fccken, die der Fachauschuss ausfindig machen und bei deren Beseitigung er mithelfen will.Der Ausschuss arbeitet interdisziplin\u00e4r und ist offen f\u00fcr alle Disziplinen.<\/p>\n<p>Momentan sind vor allem Jurist:innen, Musikwissenschaftler:innen und Sozialwissenschaftler:innen vertreten. \u00dcblicherweise findet ein Treffen pro Quartal in Berlin statt. Bei jedem Treffen gibt es in der Regel einen Schwerpunkt mit einem Vortrag aus der Forschung von Mitgliedern oder von externen G\u00e4sten. Daneben werden auch aktuelle Entwicklungen in der Rechtsprechung thematisiert, die neben dem Fokus auf Musik auch andere Fragestellungen und Themenbereiche ber\u00fchren, wie beispielsweise technologische Entwicklungen, Lizenz- und Verg\u00fctungsmodelle, Verwertungsgesellschaften, Open Access, andere kreative Ausdrucksformen und weitere.<\/p>\n<p>Der Fachausschuss steht allen Interessierten offen, die zu Themen des Urheberrechts und anderen Mechanismen der Regulation von Musik und Kultur arbeiten und arbeiten wollen. Eine Mitgliedschaft in der GMM ist dazu zun\u00e4chst nicht n\u00f6tig. Interessierte k\u00f6nnen sich formlos an die SprecherInnen des Ausschusses wenden.<\/p>\n<h2>SprecherInnen des Fachausschusses:<\/h2>\n<p>Fr\u00e9d\u00e9ric D\u00f6hl<br \/>\n<a href=\"mailto:frederic.doehl@tu-dortmund.de\">frederic.doehl@tu-dortmund.de<\/a><\/p>\n<h2 id=\"magicdomid2\"><span class=\"author-p-85427\">Mitglieder aktuell:<\/span><\/h2>\n<ul>\n<li id=\"magicdomid4\"><span class=\"author-p-85427\">Michael Ahlers (Musikwissenschaft)<\/span><span class=\"author-p-85430\"> Link: <\/span><span class=\"author-p-85430 url\"><a href=\"https:\/\/www.leuphana.de\/universitaet\/personen\/michael-ahlers.html\">https:\/\/www.leuphana.de\/universitaet\/personen\/michael-ahlers.html<\/a><\/span><span class=\"author-p-85430\">\u00a0<\/span><\/li>\n<li id=\"magicdomid5\"><span class=\"author-p-85427\">Sarah<\/span><span class=\"author-p-85431\">&#8211;<\/span><span class=\"author-p-85427\">Mai Dang (Filmwissenschaft)<\/span><span class=\"author-p-85430\"> Link: <\/span><a href=\"https:\/\/www.uni-marburg.de\/de\/fb09\/medienwissenschaft\/institut\/wissenschaftliches-personal\/dr-sarah-mai-dang\"><span class=\"author-p-85430\">https:\/\/www.uni-marburg.de\/de\/fb09\/medienwissenschaft\/institut\/wissenschaftliches-personal\/dr-sarah-mai-dang<\/span><\/a><\/li>\n<li id=\"magicdomid6\"><span class=\"author-p-85427\">Fr\u00e9d\u00e9ric D\u00f6hl (Rechtswissenschaft, Musikwissenschaft)<\/span><span class=\"author-p-85430\"> Link: <\/span><span class=\"author-p-85430 url\"><a href=\"http:\/\/www.geisteswissenschaften.fu-berlin.de\/we07\/institut\/mitarbeiter\/doehl\/index.html\">http:\/\/www.geisteswissenschaften.fu-berlin.de\/we07\/institut\/mitarbeiter\/doehl\/index.html<\/a><\/span><span class=\"author-p-85430\">\u00a0<\/span><\/li>\n<li id=\"magicdomid7\"><span class=\"author-p-85427\">Georg Fischer (Soziologie)<\/span><span class=\"author-p-85430\"> Link: <\/span><span class=\"author-p-85430 url\"><a href=\"http:\/\/www.innovation.tu-berlin.de\/v_menue\/kollegiatinnen\/2_kohorte_042015_032018\/fischer_georg\/\">http:\/\/www.innovation.tu-berlin.de\/v_menue\/kollegiatinnen\/2_kohorte_042015_032018\/fischer_georg\/<\/a><\/span><span class=\"author-p-85430\">\u00a0<\/span><\/li>\n<li id=\"magicdomid8\"><span class=\"author-p-85427\">Lorenz Gr\u00fcnewald-Schukalla (<\/span><span class=\"author-p-85433\">Medien- und <\/span><span class=\"author-p-85427\">Kommunikationswissenschaft)<\/span><span class=\"author-p-85430\"> Link: <\/span><span class=\"author-p-85430 url\"><a href=\"https:\/\/lorenzguitar.wordpress.com\/\">https:\/\/lorenzguitar.wordpress.com\/<\/a><\/span><span class=\"author-p-85430\">\u00a0<\/span><\/li>\n<li id=\"magicdomid9\"><span class=\"author-p-85427\">Konstantin Hondros (Soziologie)<\/span><span class=\"author-p-85430\"> Link: <\/span><span class=\"author-p-85430 url\"><a href=\"https:\/\/www.uni-due.de\/soziologie\/hondros.php\">https:\/\/www.uni-due.de\/soziologie\/hondros.php<\/a><\/span><span class=\"author-p-85430\">\u00a0<\/span><\/li>\n<li id=\"magicdomid10\"><span class=\"author-p-85432\">Henr<\/span><span class=\"author-p-85427\">ike Maier (Rechtswissenschaft)<\/span><span class=\"author-p-85430\"> Link: <\/span><span class=\"author-p-85430 url\"><a href=\"https:\/\/www.hiig.de\/staff\/rike-maier\/\">https:\/\/www.hiig.de\/staff\/rike-maier\/<\/a><\/span><\/li>\n<li id=\"magicdomid11\"><span class=\"author-p-85427\">Sigrid Quack (Soziologie)<\/span><span class=\"author-p-85430\"> Link: <\/span><span class=\"author-p-85430 url\"><a href=\"https:\/\/www.uni-due.de\/soziologie\/quack.php\">https:\/\/www.uni-due.de\/soziologie\/quack.php<\/a><\/span><\/li>\n<li id=\"magicdomid12\"><span class=\"author-p-85427\">Fabian Rack (Rechtswissenschaft)<\/span><span class=\"author-p-85430\"> Link: <\/span><span class=\"author-p-85430 url\"><a href=\"https:\/\/www.fiz-karlsruhe.de\/forschung\/immaterialgueterrechte-in-verteilten-informations-infrastrukturen\/mitarbeiter-igr\/fabian-rack.html\">https:\/\/www.fiz-karlsruhe.de\/forschung\/immaterialgueterrechte-in-verteilten-informations-infrastrukturen\/mitarbeiter-igr\/fabian-rack.html<\/a><\/span><\/li>\n<li id=\"magicdomid13\"><span class=\"author-p-85427\">Holger Schwetter (Musikwissenschaft)<\/span><span class=\"author-p-85430\"> Link: <\/span><span class=\"author-p-85430 url\"><a href=\"http:\/\/www.schwetter.de\/blog\/\">http:\/\/www.schwetter.de\/blog\/<\/a><\/span><\/li>\n<li id=\"magicdomid14\"><span class=\"author-p-85427\">Michael Servatius<\/span><span class=\"author-p-85434\"> (Rechtswissenschaft)<\/span><span class=\"author-p-85430\"> Link:<\/span> <span class=\"author-p-85427 url\"><a href=\"https:\/\/www.xing.com\/profile\/Michael_Servatius2\/cv\">https:\/\/www.xing.com\/profile\/Michael_Servatius2\/cv<\/a><\/span><\/li>\n<\/ul>\n","protected":false},"excerpt":{"rendered":"<p>Der Fachausschuss Urheberrecht in der GMM wurde 2016 gegr\u00fcndet und hat sich zum Ziel gesetzt, das Thema Urheberrecht in der Musikforschung st\u00e4rker zu positionieren. Obwohl das Urheberrecht ein entscheidendes Regelinstrument am Musikmarkt darstellt, das an vielen Stellen (Musikproduktion, Vertrieb, Lizensierung, Autorschaft, etc.) in die Praxis eingreift, findet es in der Forschung zu Musikkulturen und Musikwirtschaft [&hellip;]<\/p>\n","protected":false},"author":2,"featured_media":0,"parent":0,"menu_order":0,"comment_status":"closed","ping_status":"closed","template":"","meta":{"spay_email":""},"aioseo_notices":[],"_links":{"self":[{"href":"https:\/\/musikwirtschaftsforschung.de\/index.php?rest_route=\/wp\/v2\/pages\/443"}],"collection":[{"href":"https:\/\/musikwirtschaftsforschung.de\/index.php?rest_route=\/wp\/v2\/pages"}],"about":[{"href":"https:\/\/musikwirtschaftsforschung.de\/index.php?rest_route=\/wp\/v2\/types\/page"}],"author":[{"embeddable":true,"href":"https:\/\/musikwirtschaftsforschung.de\/index.php?rest_route=\/wp\/v2\/users\/2"}],"replies":[{"embeddable":true,"href":"https:\/\/musikwirtschaftsforschung.de\/index.php?rest_route=%2Fwp%2Fv2%2Fcomments&post=443"}],"version-history":[{"count":6,"href":"https:\/\/musikwirtschaftsforschung.de\/index.php?rest_route=\/wp\/v2\/pages\/443\/revisions"}],"predecessor-version":[{"id":598,"href":"https:\/\/musikwirtschaftsforschung.de\/index.php?rest_route=\/wp\/v2\/pages\/443\/revisions\/598"}],"wp:attachment":[{"href":"https:\/\/musikwirtschaftsforschung.de\/index.php?rest_route=%2Fwp%2Fv2%2Fmedia&parent=443"}],"curies":[{"name":"wp","href":"https:\/\/api.w.org\/{rel}","templated":true}]}}