{"id":21,"date":"2015-02-24T13:22:55","date_gmt":"2015-02-24T13:22:55","guid":{"rendered":"http:\/\/musikwirtschaftsforschung.de\/wordpress\/?page_id=21"},"modified":"2025-12-15T07:52:01","modified_gmt":"2025-12-15T07:52:01","slug":"mitglied-werden","status":"publish","type":"page","link":"https:\/\/musikwirtschaftsforschung.de\/?page_id=21","title":{"rendered":"Mitglied werden"},"content":{"rendered":"<p>Die GMM l\u00e4dt alle Interessierten zur Mitgliedschaft ein. Die genauen Bedingungen f\u00fcr die Mitgliedschaft entnehmen Sie bitte der <a title=\"Satzung\" href=\"http:\/\/musikwirtschaftsforschung.de\/wordpress\/?page_id=7\">Satzung<\/a>.<\/p>\n<p>Die Mitgliedschaft kostet pro Jahr:<\/p>\n<ul>\n<li>50 \u20ac &#8211; Professoren, F\u00fchrungskr\u00e4fte, Unternehmer<\/li>\n<li>30 \u20ac &#8211; Wissenschaftlicher Mittelbau, Mitarbeiter in Unternehmen<\/li>\n<li>15 \u20ac &#8211; Studenten, Auszubildende, Arbeitslose etc. (bitte Nachweis beif\u00fcgen)<\/li>\n<\/ul>\n<p>Hier finden Sie die vollst\u00e4ndige Beitrittserkl\u00e4rung <a href=\"https:\/\/musikwirtschaftsforschung.de\/wordpress\/wp-content\/uploads\/2025\/12\/Aufnameformular-GMM_Stand-Dezember-2025.pdf\">Beitrittsformular GMM<\/a>.<\/p>\n\n\n<p><\/p>\n","protected":false},"excerpt":{"rendered":"<p>Die GMM l\u00e4dt alle Interessierten zur Mitgliedschaft ein. Die genauen Bedingungen f\u00fcr die Mitgliedschaft entnehmen Sie bitte der Satzung. Die Mitgliedschaft kostet pro Jahr: 50 \u20ac &#8211; Professoren, F\u00fchrungskr\u00e4fte, Unternehmer 30 \u20ac &#8211; Wissenschaftlicher Mittelbau, Mitarbeiter in Unternehmen 15 \u20ac &#8211; Studenten, Auszubildende, Arbeitslose etc. (bitte Nachweis beif\u00fcgen) Hier finden Sie die vollst\u00e4ndige Beitrittserkl\u00e4rung Beitrittsformular [&hellip;]<\/p>\n","protected":false},"author":1,"featured_media":0,"parent":0,"menu_order":0,"comment_status":"closed","ping_status":"open","template":"","meta":{"spay_email":""},"aioseo_notices":[],"_links":{"self":[{"href":"https:\/\/musikwirtschaftsforschung.de\/index.php?rest_route=\/wp\/v2\/pages\/21"}],"collection":[{"href":"https:\/\/musikwirtschaftsforschung.de\/index.php?rest_route=\/wp\/v2\/pages"}],"about":[{"href":"https:\/\/musikwirtschaftsforschung.de\/index.php?rest_route=\/wp\/v2\/types\/page"}],"author":[{"embeddable":true,"href":"https:\/\/musikwirtschaftsforschung.de\/index.php?rest_route=\/wp\/v2\/users\/1"}],"replies":[{"embeddable":true,"href":"https:\/\/musikwirtschaftsforschung.de\/index.php?rest_route=%2Fwp%2Fv2%2Fcomments&post=21"}],"version-history":[{"count":11,"href":"https:\/\/musikwirtschaftsforschung.de\/index.php?rest_route=\/wp\/v2\/pages\/21\/revisions"}],"predecessor-version":[{"id":1020,"href":"https:\/\/musikwirtschaftsforschung.de\/index.php?rest_route=\/wp\/v2\/pages\/21\/revisions\/1020"}],"wp:attachment":[{"href":"https:\/\/musikwirtschaftsforschung.de\/index.php?rest_route=%2Fwp%2Fv2%2Fmedia&parent=21"}],"curies":[{"name":"wp","href":"https:\/\/api.w.org\/{rel}","templated":true}]}}