{"id":189,"date":"2015-09-14T11:21:59","date_gmt":"2015-09-14T11:21:59","guid":{"rendered":"http:\/\/musikwirtschaftsforschung.de\/?page_id=189"},"modified":"2015-11-12T08:18:21","modified_gmt":"2015-11-12T08:18:21","slug":"1-gmm-music-business-model-wettbewerb-mentoring","status":"publish","type":"page","link":"https:\/\/musikwirtschaftsforschung.de\/?page_id=189","title":{"rendered":"1. New Music Business Models Wettbewerb"},"content":{"rendered":"<p><strong>1. New Music Business Models Wettbewerb<\/strong><\/p>\n<p>Die Gesellschaft f\u00fcr Musikwirtschafts- und Musikkulturforschung (GMM) richtet im Rahmen der diesj\u00e4hrigen MOST WANTED: MUSIC Konferenz die erste Auflage ihres Wettbewerb- und Mentoringprogramms NEW MUSIC BUSINESS MODELS aus.<\/p>\n<p>In diesem Wettbewerb werden Ideen und Projekte aus Musikwirtschaft und Musikkultur pr\u00e4miert, die innovative Gesch\u00e4ftsmodelle geplant, entworfen oder in den letzten 24 Monaten initiiert haben. Die Bewerber_innen pr\u00e4sentieren ihre Projekte und Ideen vor einer Jury aus Experten der Musikwirtschaft und k\u00f6nnen so die Teilnahme an einem Mentoringprogramm gewinnen, das \u00fcber das Jahr 2016 verlaufen wird.<\/p>\n<p>Die Deadline f\u00fcr Einreichungen von Projekten war der 30.10.2015.<\/p>\n<p>Die 3 pitchenden Start-Ups sind <strong><a href=\"http:\/\/trustintalent.lu\/\">t.in.t<\/a>, <a href=\"http:\/\/resonate.is\/\">Res()nate<\/a> <\/strong>und<strong> Pindar<\/strong>.<\/p>\n<p>Zur Jury geh\u00f6ren unter anderem Christopher Blenkinsop, Frank Fenslau, Matthias Rauch und Carsten Winter. Die Moderation \u00fcbernimmt Christoph Schrag.<\/p>\n<p>Um 18:00 Uhr werden die Preistr\u00e4ger bekannt gegeben!<\/p>\n<p><a href=\"http:\/\/mwm-berlin.de\/programm\/\">Weitere Programminfos zur MOST WANTED: MUSIC Conference am 19.11.2015<\/a><\/p>\n","protected":false},"excerpt":{"rendered":"<p>1. New Music Business Models Wettbewerb Die Gesellschaft f\u00fcr Musikwirtschafts- und Musikkulturforschung (GMM) richtet im Rahmen der diesj\u00e4hrigen MOST WANTED: MUSIC Konferenz die erste Auflage ihres Wettbewerb- und Mentoringprogramms NEW MUSIC BUSINESS MODELS aus. In diesem Wettbewerb werden Ideen und Projekte aus Musikwirtschaft und Musikkultur pr\u00e4miert, die innovative Gesch\u00e4ftsmodelle geplant, entworfen oder in den letzten [&hellip;]<\/p>\n","protected":false},"author":2,"featured_media":196,"parent":0,"menu_order":0,"comment_status":"closed","ping_status":"open","template":"","meta":{"spay_email":""},"aioseo_notices":[],"_links":{"self":[{"href":"https:\/\/musikwirtschaftsforschung.de\/index.php?rest_route=\/wp\/v2\/pages\/189"}],"collection":[{"href":"https:\/\/musikwirtschaftsforschung.de\/index.php?rest_route=\/wp\/v2\/pages"}],"about":[{"href":"https:\/\/musikwirtschaftsforschung.de\/index.php?rest_route=\/wp\/v2\/types\/page"}],"author":[{"embeddable":true,"href":"https:\/\/musikwirtschaftsforschung.de\/index.php?rest_route=\/wp\/v2\/users\/2"}],"replies":[{"embeddable":true,"href":"https:\/\/musikwirtschaftsforschung.de\/index.php?rest_route=%2Fwp%2Fv2%2Fcomments&post=189"}],"version-history":[{"count":7,"href":"https:\/\/musikwirtschaftsforschung.de\/index.php?rest_route=\/wp\/v2\/pages\/189\/revisions"}],"predecessor-version":[{"id":207,"href":"https:\/\/musikwirtschaftsforschung.de\/index.php?rest_route=\/wp\/v2\/pages\/189\/revisions\/207"}],"wp:featuredmedia":[{"embeddable":true,"href":"https:\/\/musikwirtschaftsforschung.de\/index.php?rest_route=\/wp\/v2\/media\/196"}],"wp:attachment":[{"href":"https:\/\/musikwirtschaftsforschung.de\/index.php?rest_route=%2Fwp%2Fv2%2Fmedia&parent=189"}],"curies":[{"name":"wp","href":"https:\/\/api.w.org\/{rel}","templated":true}]}}